{"id":126,"date":"2020-04-15T17:50:51","date_gmt":"2020-04-15T15:50:51","guid":{"rendered":"http:\/\/chrysalid.bzh\/?page_id=126"},"modified":"2020-04-15T17:50:51","modified_gmt":"2020-04-15T15:50:51","slug":"presentation","status":"publish","type":"page","link":"https:\/\/chrysalid.bzh\/index.php\/presentation\/","title":{"rendered":"Pr\u00e9sentation"},"content":{"rendered":"\n<p>Apr\u00e8s plusieurs ann\u00e9es dans le milieu m\u00e9dical, j&#8217;ai voulu me rapprocher de ce qui \u00e9tait pour moi l&#8217;essentiel : <em><strong>Apporter du mieux-\u00eatre aux personnes<\/strong><\/em>.<\/p>\n\n\n\n<p>Gr\u00e2ce \u00e0 l&#8217;\u00e9coute du corps, chaque massage est unique et respecte ce que votre corps est capable de recevoir sur le moment.<\/p>\n","protected":false},"excerpt":{"rendered":"<p>Apr\u00e8s plusieurs ann\u00e9es dans le milieu m\u00e9dical, j&#8217;ai voulu me rapprocher de ce qui \u00e9tait pour moi l&#8217;essentiel : Apporter du mieux-\u00eatre aux personnes. Gr\u00e2ce \u00e0 l&#8217;\u00e9coute du corps, chaque massage est unique et respecte ce que votre corps est capable de recevoir sur le moment.<\/p>\n","protected":false},"author":1,"featured_media":118,"parent":0,"menu_order":0,"comment_status":"closed","ping_status":"closed","template":"","meta":{"footnotes":""},"_links":{"self":[{"href":"https:\/\/chrysalid.bzh\/index.php\/wp-json\/wp\/v2\/pages\/126"}],"collection":[{"href":"https:\/\/chrysalid.bzh\/index.php\/wp-json\/wp\/v2\/pages"}],"about":[{"href":"https:\/\/chrysalid.bzh\/index.php\/wp-json\/wp\/v2\/types\/page"}],"author":[{"embeddable":true,"href":"https:\/\/chrysalid.bzh\/index.php\/wp-json\/wp\/v2\/users\/1"}],"replies":[{"embeddable":true,"href":"https:\/\/chrysalid.bzh\/index.php\/wp-json\/wp\/v2\/comments?post=126"}],"version-history":[{"count":3,"href":"https:\/\/chrysalid.bzh\/index.php\/wp-json\/wp\/v2\/pages\/126\/revisions"}],"predecessor-version":[{"id":152,"href":"https:\/\/chrysalid.bzh\/index.php\/wp-json\/wp\/v2\/pages\/126\/revisions\/152"}],"wp:featuredmedia":[{"embeddable":true,"href":"https:\/\/chrysalid.bzh\/index.php\/wp-json\/wp\/v2\/media\/118"}],"wp:attachment":[{"href":"https:\/\/chrysalid.bzh\/index.php\/wp-json\/wp\/v2\/media?parent=126"}],"curies":[{"name":"wp","href":"https:\/\/api.w.org\/{rel}","templated":true}]}}