{"id":128,"date":"2020-04-15T17:54:22","date_gmt":"2020-04-15T15:54:22","guid":{"rendered":"http:\/\/chrysalid.bzh\/?page_id=128"},"modified":"2020-04-21T10:53:30","modified_gmt":"2020-04-21T08:53:30","slug":"massage","status":"publish","type":"page","link":"https:\/\/chrysalid.bzh\/index.php\/massage\/","title":{"rendered":"Massage"},"content":{"rendered":"\n<p>Je re\u00e7ois les enfants <strong>\u00e0 partir de 6 ans<\/strong>, les adultes, les personnes \u00e2g\u00e9es et les personnes avec mobilit\u00e9 r\u00e9duite. <\/p>\n\n\n\n<p>Dans mon cocon, vous ne choisissez pas un type mais un <strong>temps de massage.<\/strong><\/p>\n\n\n\n<p>Au premier rendez-vous, je commence par un <strong>entretien<\/strong> o\u00f9 je recueille l&#8217;histoire de votre corps et nous d\u00e9terminons ensemble ce dont vous avez besoin.<\/p>\n\n\n\n<p>Mes massages non th\u00e9rapeutiques peuvent \u00eatre doux pour favoriser un l\u00e2cher-prise ou plus appuy\u00e9s pour une r\u00e9cup\u00e9ration musculaire par exemple.<\/p>\n","protected":false},"excerpt":{"rendered":"<p>Je re\u00e7ois les enfants \u00e0 partir de 6 ans, les adultes, les personnes \u00e2g\u00e9es et les personnes avec mobilit\u00e9 r\u00e9duite. Dans mon cocon, vous ne choisissez pas un type mais un temps de massage. Au premier rendez-vous, je commence par un entretien o\u00f9 je recueille l&#8217;histoire de votre corps et nous d\u00e9terminons ensemble ce dont &hellip; <\/p>\n<p class=\"link-more\"><a href=\"https:\/\/chrysalid.bzh\/index.php\/massage\/\" class=\"more-link\">Continue reading<span class=\"screen-reader-text\"> &#8220;Massage&#8221;<\/span><\/a><\/p>\n","protected":false},"author":1,"featured_media":123,"parent":0,"menu_order":0,"comment_status":"closed","ping_status":"closed","template":"","meta":{"footnotes":""},"_links":{"self":[{"href":"https:\/\/chrysalid.bzh\/index.php\/wp-json\/wp\/v2\/pages\/128"}],"collection":[{"href":"https:\/\/chrysalid.bzh\/index.php\/wp-json\/wp\/v2\/pages"}],"about":[{"href":"https:\/\/chrysalid.bzh\/index.php\/wp-json\/wp\/v2\/types\/page"}],"author":[{"embeddable":true,"href":"https:\/\/chrysalid.bzh\/index.php\/wp-json\/wp\/v2\/users\/1"}],"replies":[{"embeddable":true,"href":"https:\/\/chrysalid.bzh\/index.php\/wp-json\/wp\/v2\/comments?post=128"}],"version-history":[{"count":7,"href":"https:\/\/chrysalid.bzh\/index.php\/wp-json\/wp\/v2\/pages\/128\/revisions"}],"predecessor-version":[{"id":175,"href":"https:\/\/chrysalid.bzh\/index.php\/wp-json\/wp\/v2\/pages\/128\/revisions\/175"}],"wp:featuredmedia":[{"embeddable":true,"href":"https:\/\/chrysalid.bzh\/index.php\/wp-json\/wp\/v2\/media\/123"}],"wp:attachment":[{"href":"https:\/\/chrysalid.bzh\/index.php\/wp-json\/wp\/v2\/media?parent=128"}],"curies":[{"name":"wp","href":"https:\/\/api.w.org\/{rel}","templated":true}]}}