{"id":134,"date":"2020-04-15T17:52:56","date_gmt":"2020-04-15T15:52:56","guid":{"rendered":"http:\/\/chrysalid.bzh\/?page_id=134"},"modified":"2020-04-15T19:19:20","modified_gmt":"2020-04-15T17:19:20","slug":"specificite","status":"publish","type":"page","link":"https:\/\/chrysalid.bzh\/index.php\/specificite\/","title":{"rendered":"Sp\u00e9cificit\u00e9"},"content":{"rendered":"\n<p>Mon pass\u00e9 d&#8217;<strong>aide-soignante<\/strong> est un atout et rassure. J&#8217;ai un tr\u00e8s grand respect du corps et cette approche m\u00e9dicale m&#8217;aide \u00e0 \u00e9valuer au mieux les contre-indications pour chacune de vos pauses bien-\u00eatre.<\/p>\n\n\n\n<p>Je peux vous accompagner dans les passages difficiles de la vie, apaiser les douleurs d&#8217;une maladie ou all\u00e9ger les sensibilit\u00e9s du quotidien.<\/p>\n\n\n\n<p><strong>Les massages r\u00e9guliers ont de r\u00e9els bienfaits sur la sant\u00e9 psychique et physique, surtout dans la pr\u00e9vention<\/strong>.<\/p>\n\n\n\n<p>Je m&#8217;adapte \u00e0 votre emploi du temps.<\/p>\n","protected":false},"excerpt":{"rendered":"<p>Mon pass\u00e9 d&#8217;aide-soignante est un atout et rassure. J&#8217;ai un tr\u00e8s grand respect du corps et cette approche m\u00e9dicale m&#8217;aide \u00e0 \u00e9valuer au mieux les contre-indications pour chacune de vos pauses bien-\u00eatre. Je peux vous accompagner dans les passages difficiles de la vie, apaiser les douleurs d&#8217;une maladie ou all\u00e9ger les sensibilit\u00e9s du quotidien. Les &hellip; <\/p>\n<p class=\"link-more\"><a href=\"https:\/\/chrysalid.bzh\/index.php\/specificite\/\" class=\"more-link\">Continue reading<span class=\"screen-reader-text\"> &#8220;Sp\u00e9cificit\u00e9&#8221;<\/span><\/a><\/p>\n","protected":false},"author":1,"featured_media":147,"parent":0,"menu_order":0,"comment_status":"closed","ping_status":"closed","template":"","meta":{"footnotes":""},"_links":{"self":[{"href":"https:\/\/chrysalid.bzh\/index.php\/wp-json\/wp\/v2\/pages\/134"}],"collection":[{"href":"https:\/\/chrysalid.bzh\/index.php\/wp-json\/wp\/v2\/pages"}],"about":[{"href":"https:\/\/chrysalid.bzh\/index.php\/wp-json\/wp\/v2\/types\/page"}],"author":[{"embeddable":true,"href":"https:\/\/chrysalid.bzh\/index.php\/wp-json\/wp\/v2\/users\/1"}],"replies":[{"embeddable":true,"href":"https:\/\/chrysalid.bzh\/index.php\/wp-json\/wp\/v2\/comments?post=134"}],"version-history":[{"count":3,"href":"https:\/\/chrysalid.bzh\/index.php\/wp-json\/wp\/v2\/pages\/134\/revisions"}],"predecessor-version":[{"id":170,"href":"https:\/\/chrysalid.bzh\/index.php\/wp-json\/wp\/v2\/pages\/134\/revisions\/170"}],"wp:featuredmedia":[{"embeddable":true,"href":"https:\/\/chrysalid.bzh\/index.php\/wp-json\/wp\/v2\/media\/147"}],"wp:attachment":[{"href":"https:\/\/chrysalid.bzh\/index.php\/wp-json\/wp\/v2\/media?parent=134"}],"curies":[{"name":"wp","href":"https:\/\/api.w.org\/{rel}","templated":true}]}}