{"id":16,"date":"2017-06-25T12:40:32","date_gmt":"2017-06-25T10:40:32","guid":{"rendered":"http:\/\/chrysalid.bzh\/?page_id=16"},"modified":"2020-04-15T17:43:25","modified_gmt":"2020-04-15T15:43:25","slug":"accueil","status":"publish","type":"page","link":"https:\/\/chrysalid.bzh\/","title":{"rendered":"Accueil"},"content":{"rendered":"<p>Bienvenue sur mon site\u00a0<strong><em>Chrysalid&#8217;<\/em><\/strong> !<\/p>\n<p>Je vous attends dans mon cocon.<\/p>\n<p>Praticienne confirm\u00e9e aux massages chinois Daokimas niveau III, mes massages visent \u00e0 am\u00e9liorer votre bien-\u00eatre dans une d\u00e9marche de d\u00e9veloppement de soi.\u00a0<\/p>\n\n\n<p><\/p>\n","protected":false},"excerpt":{"rendered":"<p>Bienvenue sur mon site\u00a0Chrysalid&#8217; ! Je vous attends dans mon cocon. Praticienne confirm\u00e9e aux massages chinois Daokimas niveau III, mes massages visent \u00e0 am\u00e9liorer votre bien-\u00eatre dans une d\u00e9marche de d\u00e9veloppement de soi.\u00a0<\/p>\n","protected":false},"author":1,"featured_media":121,"parent":0,"menu_order":0,"comment_status":"closed","ping_status":"closed","template":"","meta":{"footnotes":""},"_links":{"self":[{"href":"https:\/\/chrysalid.bzh\/index.php\/wp-json\/wp\/v2\/pages\/16"}],"collection":[{"href":"https:\/\/chrysalid.bzh\/index.php\/wp-json\/wp\/v2\/pages"}],"about":[{"href":"https:\/\/chrysalid.bzh\/index.php\/wp-json\/wp\/v2\/types\/page"}],"author":[{"embeddable":true,"href":"https:\/\/chrysalid.bzh\/index.php\/wp-json\/wp\/v2\/users\/1"}],"replies":[{"embeddable":true,"href":"https:\/\/chrysalid.bzh\/index.php\/wp-json\/wp\/v2\/comments?post=16"}],"version-history":[{"count":10,"href":"https:\/\/chrysalid.bzh\/index.php\/wp-json\/wp\/v2\/pages\/16\/revisions"}],"predecessor-version":[{"id":181,"href":"https:\/\/chrysalid.bzh\/index.php\/wp-json\/wp\/v2\/pages\/16\/revisions\/181"}],"wp:featuredmedia":[{"embeddable":true,"href":"https:\/\/chrysalid.bzh\/index.php\/wp-json\/wp\/v2\/media\/121"}],"wp:attachment":[{"href":"https:\/\/chrysalid.bzh\/index.php\/wp-json\/wp\/v2\/media?parent=16"}],"curies":[{"name":"wp","href":"https:\/\/api.w.org\/{rel}","templated":true}]}}