{"id":18,"date":"2017-06-25T12:40:32","date_gmt":"2017-06-25T10:40:32","guid":{"rendered":"http:\/\/chrysalid.bzh\/?page_id=18"},"modified":"2025-08-30T11:04:43","modified_gmt":"2025-08-30T09:04:43","slug":"contact","status":"publish","type":"page","link":"https:\/\/chrysalid.bzh\/index.php\/contact\/","title":{"rendered":"Contact"},"content":{"rendered":"<p><em>Votre masseuse bien-\u00eatre :<\/em><\/p>\n<p>C\u00e9line<br \/>1 r\u00e9sidence Lochrist<br \/>22 450 Coatr\u00e9ven<\/p>\n<p>Tel : 06 27 86 52 81<\/p>\n<p><strong>Uniquement sur RDV<\/strong><\/p>\n\n\n<p><\/p>\n","protected":false},"excerpt":{"rendered":"<p>Votre masseuse bien-\u00eatre : C\u00e9line1 r\u00e9sidence Lochrist22 450 Coatr\u00e9ven Tel : 06 27 86 52 81 Uniquement sur RDV<\/p>\n","protected":false},"author":1,"featured_media":37,"parent":0,"menu_order":0,"comment_status":"closed","ping_status":"closed","template":"","meta":{"footnotes":""},"_links":{"self":[{"href":"https:\/\/chrysalid.bzh\/index.php\/wp-json\/wp\/v2\/pages\/18"}],"collection":[{"href":"https:\/\/chrysalid.bzh\/index.php\/wp-json\/wp\/v2\/pages"}],"about":[{"href":"https:\/\/chrysalid.bzh\/index.php\/wp-json\/wp\/v2\/types\/page"}],"author":[{"embeddable":true,"href":"https:\/\/chrysalid.bzh\/index.php\/wp-json\/wp\/v2\/users\/1"}],"replies":[{"embeddable":true,"href":"https:\/\/chrysalid.bzh\/index.php\/wp-json\/wp\/v2\/comments?post=18"}],"version-history":[{"count":6,"href":"https:\/\/chrysalid.bzh\/index.php\/wp-json\/wp\/v2\/pages\/18\/revisions"}],"predecessor-version":[{"id":203,"href":"https:\/\/chrysalid.bzh\/index.php\/wp-json\/wp\/v2\/pages\/18\/revisions\/203"}],"wp:featuredmedia":[{"embeddable":true,"href":"https:\/\/chrysalid.bzh\/index.php\/wp-json\/wp\/v2\/media\/37"}],"wp:attachment":[{"href":"https:\/\/chrysalid.bzh\/index.php\/wp-json\/wp\/v2\/media?parent=18"}],"curies":[{"name":"wp","href":"https:\/\/api.w.org\/{rel}","templated":true}]}}