{"id":86,"date":"2017-06-27T22:42:19","date_gmt":"2017-06-27T20:42:19","guid":{"rendered":"http:\/\/chrysalid.bzh\/?page_id=86"},"modified":"2025-06-30T11:46:20","modified_gmt":"2025-06-30T09:46:20","slug":"tarifs","status":"publish","type":"page","link":"https:\/\/chrysalid.bzh\/index.php\/tarifs\/","title":{"rendered":"Tarifs"},"content":{"rendered":"<p>Dans mon cocon, g\u00eete, entreprise, h\u00f4tel ou \u00e0 domicile (hors frais de d\u00e9placements)<\/p>\n<p>30 min &#8230;&#8230;&#8230;&#8230;&#8230;&#8230;. 45 \u20ac<br \/>\n45 min &#8230;&#8230;&#8230;&#8230;&#8230;&#8230;. 65 \u20ac<br \/>\n1h00 &#8230;&#8230;&#8230;&#8230;&#8230;&#8230;&#8230;. 80 \u20ac<br \/>\n1h30 &#8230;&#8230;&#8230;&#8230;&#8230;&#8230;&#8230; 110 \u20ac<br \/>\n(possibilit\u00e9 d&#8217;abonnement)<\/p>\n<p><strong><span style=\"color: #993300;\"><em>Appelez-moi nous choisirons ensemble le soin ou la carte cadeau qui vous conviendra le mieux.<\/em><\/span><\/strong><\/p>\n","protected":false},"excerpt":{"rendered":"<p>Dans mon cocon, g\u00eete, entreprise, h\u00f4tel ou \u00e0 domicile (hors frais de d\u00e9placements) 30 min &#8230;&#8230;&#8230;&#8230;&#8230;&#8230;. 45 \u20ac 45 min &#8230;&#8230;&#8230;&#8230;&#8230;&#8230;. 65 \u20ac 1h00 &#8230;&#8230;&#8230;&#8230;&#8230;&#8230;&#8230;. 80 \u20ac 1h30 &#8230;&#8230;&#8230;&#8230;&#8230;&#8230;&#8230; 110 \u20ac (possibilit\u00e9 d&#8217;abonnement) Appelez-moi nous choisirons ensemble le soin ou la carte cadeau qui vous conviendra le mieux.<\/p>\n","protected":false},"author":1,"featured_media":104,"parent":0,"menu_order":0,"comment_status":"closed","ping_status":"closed","template":"","meta":{"footnotes":""},"_links":{"self":[{"href":"https:\/\/chrysalid.bzh\/index.php\/wp-json\/wp\/v2\/pages\/86"}],"collection":[{"href":"https:\/\/chrysalid.bzh\/index.php\/wp-json\/wp\/v2\/pages"}],"about":[{"href":"https:\/\/chrysalid.bzh\/index.php\/wp-json\/wp\/v2\/types\/page"}],"author":[{"embeddable":true,"href":"https:\/\/chrysalid.bzh\/index.php\/wp-json\/wp\/v2\/users\/1"}],"replies":[{"embeddable":true,"href":"https:\/\/chrysalid.bzh\/index.php\/wp-json\/wp\/v2\/comments?post=86"}],"version-history":[{"count":11,"href":"https:\/\/chrysalid.bzh\/index.php\/wp-json\/wp\/v2\/pages\/86\/revisions"}],"predecessor-version":[{"id":198,"href":"https:\/\/chrysalid.bzh\/index.php\/wp-json\/wp\/v2\/pages\/86\/revisions\/198"}],"wp:featuredmedia":[{"embeddable":true,"href":"https:\/\/chrysalid.bzh\/index.php\/wp-json\/wp\/v2\/media\/104"}],"wp:attachment":[{"href":"https:\/\/chrysalid.bzh\/index.php\/wp-json\/wp\/v2\/media?parent=86"}],"curies":[{"name":"wp","href":"https:\/\/api.w.org\/{rel}","templated":true}]}}